{"id":71,"date":"2015-11-29T08:32:04","date_gmt":"2015-11-29T08:32:04","guid":{"rendered":"http:\/\/epicentre.be\/wordpress\/?page_id=71"},"modified":"2020-03-20T15:03:05","modified_gmt":"2020-03-20T15:03:05","slug":"questions-frequentes","status":"publish","type":"page","link":"https:\/\/epicentre.be\/?page_id=71","title":{"rendered":"Questions Fr\u00e9quentes"},"content":{"rendered":"<ol>\n<li><strong>Je n&rsquo;ai pas beaucoup de temps pour \u00eatre coiff\u00e9e. Puis-je quand m\u00eame avoir la coiffure de mes r\u00eaves?<\/strong><br \/>\nChaque service n\u00e9cessite un minimum de temps pour \u00eatre r\u00e9alis\u00e9 avec soin. Consultez <a href=\"http:\/\/epicentre.be\/?page_id=61\">la description de nos services<\/a> pour conna\u00eetre la dur\u00e9e de chacun de ceux-ci. Afin de vous garantir d&rsquo;\u00eatre coiff\u00e9e dans les temps, nous travaillons en effet uniquement sur rendez-vous, de mani\u00e8re \u00e0 vous garantir un temps d&rsquo;attente minimum.<\/li>\n<li><strong>Suis-je oblig\u00e9e de prendre rendez-vous? Ne puis-je venir \u00e0 l&rsquo;improviste?<\/strong><br \/>\n<a href=\"http:\/\/epicentre.be\/?page_id=25\">Le rendez-vous<\/a> garantit \u00e0 tous une attente minimum et un respect des temps de service. Il est \u00e9galement pour vous une garantie de ne pas venir au salon pour rien. Il nous permet de mieux organiser nos journ\u00e9es, d&rsquo;\u00e9viter le stress et donc de vous servir dans une ambiance d\u00e9tendue et avec le sourire.<\/li>\n<\/ol>\n","protected":false},"excerpt":{"rendered":"<p>Je n&rsquo;ai pas beaucoup de temps pour \u00eatre coiff\u00e9e. Puis-je quand m\u00eame avoir la coiffure de mes r\u00eaves? Chaque service n\u00e9cessite un minimum de temps pour \u00eatre r\u00e9alis\u00e9 avec soin. Consultez la description de nos services pour conna\u00eetre la dur\u00e9e de chacun de ceux-ci. Afin de vous garantir d&rsquo;\u00eatre coiff\u00e9e dans les temps, nous travaillons &hellip; <a href=\"https:\/\/epicentre.be\/?page_id=71\" class=\"more-link\">Continuer la lecture de <span class=\"screen-reader-text\">Questions Fr\u00e9quentes<\/span>  <span class=\"meta-nav\">&rarr;<\/span><\/a><\/p>\n","protected":false},"author":1,"featured_media":0,"parent":0,"menu_order":50,"comment_status":"closed","ping_status":"closed","template":"","meta":{"footnotes":""},"class_list":["post-71","page","type-page","status-publish","hentry"],"_links":{"self":[{"href":"https:\/\/epicentre.be\/index.php?rest_route=\/wp\/v2\/pages\/71","targetHints":{"allow":["GET"]}}],"collection":[{"href":"https:\/\/epicentre.be\/index.php?rest_route=\/wp\/v2\/pages"}],"about":[{"href":"https:\/\/epicentre.be\/index.php?rest_route=\/wp\/v2\/types\/page"}],"author":[{"embeddable":true,"href":"https:\/\/epicentre.be\/index.php?rest_route=\/wp\/v2\/users\/1"}],"replies":[{"embeddable":true,"href":"https:\/\/epicentre.be\/index.php?rest_route=%2Fwp%2Fv2%2Fcomments&post=71"}],"version-history":[{"count":5,"href":"https:\/\/epicentre.be\/index.php?rest_route=\/wp\/v2\/pages\/71\/revisions"}],"predecessor-version":[{"id":139,"href":"https:\/\/epicentre.be\/index.php?rest_route=\/wp\/v2\/pages\/71\/revisions\/139"}],"wp:attachment":[{"href":"https:\/\/epicentre.be\/index.php?rest_route=%2Fwp%2Fv2%2Fmedia&parent=71"}],"curies":[{"name":"wp","href":"https:\/\/api.w.org\/{rel}","templated":true}]}}