{"id":67,"date":"2015-11-28T13:10:10","date_gmt":"2015-11-28T13:10:10","guid":{"rendered":"http:\/\/epicentre.be\/wordpress\/?page_id=67"},"modified":"2025-02-28T20:51:20","modified_gmt":"2025-02-28T20:51:20","slug":"nos-engagements","status":"publish","type":"page","link":"https:\/\/epicentre.be\/?page_id=67","title":{"rendered":"Nos engagements"},"content":{"rendered":"<h2>Pas d&rsquo;attente<\/h2>\n<p>Nous travaillons uniquement sur rendez-vous. Ceci nous permet de ne pas vous faire attendre avant de nous occuper de vous. C&rsquo;est pour cela qu&rsquo;il est \u00e9galement important de vous pr\u00e9senter \u00e0 l&rsquo;heure convenue car un retard de l&rsquo;un peut avoir avoir pour cons\u00e9quence une attente des autres.<\/p>\n<h2>Convivialit\u00e9<\/h2>\n<p>Nous vous accueillons avec plaisir et avec le sourire. Afin de rendre votre passage agr\u00e9able, nous vous proposons des lectures (Le Vif, Femmes d&rsquo;Aujourd&rsquo;hui, Nest&#8230;). Des toilettes sont \u00e0 votre disposition.<\/p>\n<h2>A\u00a0votre \u00e9coute<\/h2>\n<p>Ce qui compte d&rsquo;abord, c&rsquo;est ce que vous souhaitez. Nous ne vous proposerons pas une coiffure standard mais nous sommes \u00e0 votre \u00e9coute et nous adapterons notre service pour coller parfaitement \u00e0 vos attentes.<\/p>\n<h2>Proximit\u00e9 et accessibilit\u00e9<\/h2>\n<p>Le salon est tr\u00e8s facile d&rsquo;acc\u00e8s, en voiture et en bus, et vous offre un parking facile et gratuit.<\/p>\n<h2>Qualit\u00e9<\/h2>\n<p>Nous s\u00e9lectionnons avec soin les produits que nous employons et veillons constamment \u00e0 vous rendre un service de qualit\u00e9 irr\u00e9prochable.<\/p>\n","protected":false},"excerpt":{"rendered":"<p>Pas d&rsquo;attente Nous travaillons uniquement sur rendez-vous. Ceci nous permet de ne pas vous faire attendre avant de nous occuper de vous. C&rsquo;est pour cela qu&rsquo;il est \u00e9galement important de vous pr\u00e9senter \u00e0 l&rsquo;heure convenue car un retard de l&rsquo;un peut avoir avoir pour cons\u00e9quence une attente des autres. Convivialit\u00e9 Nous vous accueillons avec plaisir &hellip; <a href=\"https:\/\/epicentre.be\/?page_id=67\" class=\"more-link\">Continuer la lecture de <span class=\"screen-reader-text\">Nos engagements<\/span>  <span class=\"meta-nav\">&rarr;<\/span><\/a><\/p>\n","protected":false},"author":1,"featured_media":0,"parent":0,"menu_order":20,"comment_status":"closed","ping_status":"closed","template":"","meta":{"footnotes":""},"class_list":["post-67","page","type-page","status-publish","hentry"],"_links":{"self":[{"href":"https:\/\/epicentre.be\/index.php?rest_route=\/wp\/v2\/pages\/67","targetHints":{"allow":["GET"]}}],"collection":[{"href":"https:\/\/epicentre.be\/index.php?rest_route=\/wp\/v2\/pages"}],"about":[{"href":"https:\/\/epicentre.be\/index.php?rest_route=\/wp\/v2\/types\/page"}],"author":[{"embeddable":true,"href":"https:\/\/epicentre.be\/index.php?rest_route=\/wp\/v2\/users\/1"}],"replies":[{"embeddable":true,"href":"https:\/\/epicentre.be\/index.php?rest_route=%2Fwp%2Fv2%2Fcomments&post=67"}],"version-history":[{"count":5,"href":"https:\/\/epicentre.be\/index.php?rest_route=\/wp\/v2\/pages\/67\/revisions"}],"predecessor-version":[{"id":208,"href":"https:\/\/epicentre.be\/index.php?rest_route=\/wp\/v2\/pages\/67\/revisions\/208"}],"wp:attachment":[{"href":"https:\/\/epicentre.be\/index.php?rest_route=%2Fwp%2Fv2%2Fmedia&parent=67"}],"curies":[{"name":"wp","href":"https:\/\/api.w.org\/{rel}","templated":true}]}}