{"id":25,"date":"2015-10-24T09:55:52","date_gmt":"2015-10-24T09:55:52","guid":{"rendered":"http:\/\/epicentre.be\/wordpress\/?page_id=25"},"modified":"2025-02-28T20:54:08","modified_gmt":"2025-02-28T20:54:08","slug":"test-3","status":"publish","type":"page","link":"https:\/\/epicentre.be\/?page_id=25","title":{"rendered":"Contact"},"content":{"rendered":"<h1>Demande de Rendez-vous<\/h1>\n<p>Tous nos rendez-vous se prennent par t\u00e9l\u00e9phone au<br \/>\n<a href=\"http:\/\/epicentre.be\/wp-content\/uploads\/2015\/11\/Phone002.gif\"><img loading=\"lazy\" decoding=\"async\" class=\"alignnone wp-image-98 \" src=\"http:\/\/epicentre.be\/wp-content\/uploads\/2015\/11\/Phone002.gif\" alt=\"Phone002\" width=\"23\" height=\"23\" \/><\/a> 081 21 61 01 &#8211; 0492 82 98 75<\/p>\n<p>L&rsquo;acceptation de votre demande de rendez-vous d\u00e9pendra de notre disponibilit\u00e9 au moment demand\u00e9. En cas de non disponibilit\u00e9, nous serons contraints de refuser votre demande, afin de toujours vous garantir un <a href=\"http:\/\/epicentre.be\/?page_id=67\">temps d&rsquo;attente minimum<\/a> lors de votre visite.<br \/>\nNous ne prenons aucun rendez-vous par SMS.<\/p>\n<h1>Pour toute autre question<\/h1>\n<p>Epi&rsquo;Centre<br \/>\nChauss\u00e9e de Louvain 452, 5004 Bouge &#8211; Belgique<br \/>\n<a href=\"http:\/\/epicentre.be\/wp-content\/uploads\/2015\/11\/Phone002.gif\"><img loading=\"lazy\" decoding=\"async\" class=\"alignnone wp-image-98\" src=\"http:\/\/epicentre.be\/wp-content\/uploads\/2015\/11\/Phone002.gif\" alt=\"Phone002\" width=\"22\" height=\"22\" \/><\/a> 081 21 61 01 &#8211; 0492 82 98 75<br \/>\nemail: <a href=\"http:\/\/epicentre.be\/wp-content\/uploads\/2015\/10\/email.png\"><img loading=\"lazy\" decoding=\"async\" class=\"alignnone size-full wp-image-99\" src=\"http:\/\/epicentre.be\/wp-content\/uploads\/2015\/10\/email.png\" alt=\"email\" width=\"114\" height=\"14\" \/><\/a><br \/>\nVoir aussi <a href=\"http:\/\/epicentre.be\/?page_id=54\">les itin\u00e9raires pour nous rejoindre<\/a>.<\/p>\n<h1>Votre vie priv\u00e9e<\/h1>\n<p>Nous sommes particuli\u00e8rement attentifs au respect de votre vie priv\u00e9e et toutes les donn\u00e9es que vous nous communiquez par email sont \u00e9videmment soumises \u00e0 toutes les <a href=\"http:\/\/www.privacycommission.be\/fr\/\">r\u00e8gles en la mati\u00e8re<\/a>. Nous ne conservons aucune donn\u00e9e sur vous. Vos emails ne sont gard\u00e9s que le temps n\u00e9cessaire \u00e0 leur traitement et nous ne les communiquons bien s\u00fbr jamais \u00e0 des tiers.<\/p>\n","protected":false},"excerpt":{"rendered":"<p>Demande de Rendez-vous Tous nos rendez-vous se prennent par t\u00e9l\u00e9phone au 081 21 61 01 &#8211; 0492 82 98 75 L&rsquo;acceptation de votre demande de rendez-vous d\u00e9pendra de notre disponibilit\u00e9 au moment demand\u00e9. En cas de non disponibilit\u00e9, nous serons contraints de refuser votre demande, afin de toujours vous garantir un temps d&rsquo;attente minimum lors &hellip; <a href=\"https:\/\/epicentre.be\/?page_id=25\" class=\"more-link\">Continuer la lecture de <span class=\"screen-reader-text\">Contact<\/span>  <span class=\"meta-nav\">&rarr;<\/span><\/a><\/p>\n","protected":false},"author":1,"featured_media":0,"parent":80,"menu_order":0,"comment_status":"closed","ping_status":"closed","template":"","meta":{"footnotes":""},"class_list":["post-25","page","type-page","status-publish","hentry"],"_links":{"self":[{"href":"https:\/\/epicentre.be\/index.php?rest_route=\/wp\/v2\/pages\/25","targetHints":{"allow":["GET"]}}],"collection":[{"href":"https:\/\/epicentre.be\/index.php?rest_route=\/wp\/v2\/pages"}],"about":[{"href":"https:\/\/epicentre.be\/index.php?rest_route=\/wp\/v2\/types\/page"}],"author":[{"embeddable":true,"href":"https:\/\/epicentre.be\/index.php?rest_route=\/wp\/v2\/users\/1"}],"replies":[{"embeddable":true,"href":"https:\/\/epicentre.be\/index.php?rest_route=%2Fwp%2Fv2%2Fcomments&post=25"}],"version-history":[{"count":11,"href":"https:\/\/epicentre.be\/index.php?rest_route=\/wp\/v2\/pages\/25\/revisions"}],"predecessor-version":[{"id":209,"href":"https:\/\/epicentre.be\/index.php?rest_route=\/wp\/v2\/pages\/25\/revisions\/209"}],"up":[{"embeddable":true,"href":"https:\/\/epicentre.be\/index.php?rest_route=\/wp\/v2\/pages\/80"}],"wp:attachment":[{"href":"https:\/\/epicentre.be\/index.php?rest_route=%2Fwp%2Fv2%2Fmedia&parent=25"}],"curies":[{"name":"wp","href":"https:\/\/api.w.org\/{rel}","templated":true}]}}