{"id":2,"date":"2015-09-02T14:21:51","date_gmt":"2015-09-02T14:21:51","guid":{"rendered":"http:\/\/epicentre.be\/wordpress\/?page_id=2"},"modified":"2025-02-28T19:27:06","modified_gmt":"2025-02-28T19:27:06","slug":"accueil","status":"publish","type":"page","link":"https:\/\/epicentre.be\/","title":{"rendered":"Accueil"},"content":{"rendered":"<p><img loading=\"lazy\" decoding=\"async\" class=\"alignleft wp-image-5 size-medium\" src=\"http:\/\/epicentre.be\/wp-content\/uploads\/2015\/09\/IMG_0273-200x300.jpg\" alt=\"IMG_0273\" width=\"200\" height=\"300\" srcset=\"https:\/\/epicentre.be\/wp-content\/uploads\/2015\/09\/IMG_0273-200x300.jpg 200w, https:\/\/epicentre.be\/wp-content\/uploads\/2015\/09\/IMG_0273-683x1024.jpg 683w, https:\/\/epicentre.be\/wp-content\/uploads\/2015\/09\/IMG_0273.jpg 954w\" sizes=\"auto, (max-width: 200px) 100vw, 200px\" \/>Bonjour et bienvenue sur le site du salon de coiffure Epi&rsquo;Centre de Bouge. Vous trouverez sur ce site une s\u00e9rie d&rsquo;informations pratiques \u00e0 propos du salon de coiffure (telles que nos horaires d&rsquo;ouverture, nos tarifs et un plan d&rsquo;acc\u00e8s).<\/p>\n<p>Il est \u00e9galement possible de nous envoyer un message, de nous laisser une suggestion ou vos impressions par email.<\/p>\n<p>Le salon existe depuis 1991 et est install\u00e9 \u00e0 la chauss\u00e9e de Louvain depuis 1994.<\/p>\n<p>Sabine et Jessica sont \u00e0 votre disposition pour r\u00e9pondre au mieux \u00e0 vos besoins. N&rsquo;hesitez pas \u00e0 les <a href=\"http:\/\/epicentre.be\/?page_id=25\">contacter<\/a>.<\/p>\n","protected":false},"excerpt":{"rendered":"<p>Bonjour et bienvenue sur le site du salon de coiffure Epi&rsquo;Centre de Bouge. Vous trouverez sur ce site une s\u00e9rie d&rsquo;informations pratiques \u00e0 propos du salon de coiffure (telles que nos horaires d&rsquo;ouverture, nos tarifs et un plan d&rsquo;acc\u00e8s). Il est \u00e9galement possible de nous envoyer un message, de nous laisser une suggestion ou vos &hellip; <a href=\"https:\/\/epicentre.be\/\" class=\"more-link\">Continuer la lecture de <span class=\"screen-reader-text\">Accueil<\/span>  <span class=\"meta-nav\">&rarr;<\/span><\/a><\/p>\n","protected":false},"author":1,"featured_media":0,"parent":0,"menu_order":10,"comment_status":"closed","ping_status":"closed","template":"","meta":{"footnotes":""},"class_list":["post-2","page","type-page","status-publish","hentry"],"_links":{"self":[{"href":"https:\/\/epicentre.be\/index.php?rest_route=\/wp\/v2\/pages\/2","targetHints":{"allow":["GET"]}}],"collection":[{"href":"https:\/\/epicentre.be\/index.php?rest_route=\/wp\/v2\/pages"}],"about":[{"href":"https:\/\/epicentre.be\/index.php?rest_route=\/wp\/v2\/types\/page"}],"author":[{"embeddable":true,"href":"https:\/\/epicentre.be\/index.php?rest_route=\/wp\/v2\/users\/1"}],"replies":[{"embeddable":true,"href":"https:\/\/epicentre.be\/index.php?rest_route=%2Fwp%2Fv2%2Fcomments&post=2"}],"version-history":[{"count":6,"href":"https:\/\/epicentre.be\/index.php?rest_route=\/wp\/v2\/pages\/2\/revisions"}],"predecessor-version":[{"id":138,"href":"https:\/\/epicentre.be\/index.php?rest_route=\/wp\/v2\/pages\/2\/revisions\/138"}],"wp:attachment":[{"href":"https:\/\/epicentre.be\/index.php?rest_route=%2Fwp%2Fv2%2Fmedia&parent=2"}],"curies":[{"name":"wp","href":"https:\/\/api.w.org\/{rel}","templated":true}]}}